{"id":75892,"date":"2024-04-17T15:22:02","date_gmt":"2024-04-17T15:22:02","guid":{"rendered":"https:\/\/almacenpdm.com\/almacen\/?page_id=75892"},"modified":"2024-04-17T15:22:04","modified_gmt":"2024-04-17T15:22:04","slug":"bienvenido","status":"publish","type":"page","link":"https:\/\/almacenpdm.com\/almacen\/bienvenido\/","title":{"rendered":"Bienvenido"},"content":{"rendered":"\n\t\t\t<!-- START Particle Hero1 REVOLUTION SLIDER 6.7.34 --><p class=\"rs-p-wp-fix\"><\/p>\n\t\t\t<rs-module-wrap id=\"rev_slider_347_1_wrapper\" data-source=\"gallery\" style=\"visibility:hidden;background:transparent;padding:0;margin:0px auto;margin-top:0;margin-bottom:0;\">\n\t\t\t\t<rs-module id=\"rev_slider_347_1\" style=\"\" data-version=\"6.7.34\">\n\t\t\t\t\t<rs-slides style=\"overflow: hidden; position: absolute;\">\n\t\t\t\t\t\t<rs-slide style=\"position: absolute;\" data-key=\"rs-773\" data-title=\"Particle\" data-anim=\"adpr:false;ms:500ms;\" data-in=\"o:0;\" data-out=\"a:false;\" data-rsparticles='{\"responsive\":false,\"fback\":false,\"particles\":{\"number\":50,\"size\":1,\"random\":false},\"styles\":{\"lines\":{\"enable\":true,\"opacity\":50,\"distance\":300},\"particle\":{\"ocolor\":false,\"opacityMin\":50,\"opacityRandom\":true}},\"movement\":{\"speed\":7},\"interactivity\":{\"hoverMode\":\"repulse\"},\"bubble\":{\"distance\":200,\"size\":50,\"opacity\":100},\"grab\":{\"crawl\":false,\"crawlMaxLines\":5},\"repulse\":{\"distance\":100},\"attract\":{\"distance\":200,\"force\":10},\"pulse\":{\"size\":{\"min\":0.5}},\"physics\":{\"gravity\":0,\"minGravity\":0,\"gravityDir\":\"bottom\",\"damping\":70,\"hDrift\":0,\"vDrift\":0},\"enable\":true,\"hideOnMobile\":false}'>\n\t\t\t\t\t\t\t<img decoding=\"async\" src=\"\/\/almacenpdm.com\/almacen\/wp-content\/plugins\/revslider-3\/sr6\/assets\/assets\/dummy.png\" alt=\"Particle\" title=\"Bienvenido\" class=\"rev-slidebg tp-rs-img rs-lazyload\" data-lazyload=\"\/\/almacenpdm.com\/almacen\/wp-content\/plugins\/revslider-3\/sr6\/assets\/assets\/transparent.png\" data-bg=\"c:#000000;\" data-no-retina>\n<!--\t\t\t\t\t\t--><rs-zone id=\"rrzt_773\" class=\"rev_row_zone_top\" style=\"z-index: 13;\"><!--\n\n\t\t\t\t\t\t\t\t--><rs-row\n\t\t\t\t\t\t\t\t\tid=\"slider-347-slide-773-layer-0\" \n\t\t\t\t\t\t\t\t\tdata-type=\"row\"\n\t\t\t\t\t\t\t\t\tdata-xy=\"xo:50px;yo:50px;\"\n\t\t\t\t\t\t\t\t\tdata-rsp_bd=\"off\"\n\t\t\t\t\t\t\t\t\tdata-margin=\"t:150,140,120,90;\"\n\t\t\t\t\t\t\t\t\tdata-frame_0=\"o:1;\"\n\t\t\t\t\t\t\t\t\tdata-frame_999=\"o:0;st:w;sR:8700;sA:9000;\"\n\t\t\t\t\t\t\t\t\tstyle=\"z-index:1;\"\n\t\t\t\t\t\t\t\t><!--\n\t\t\t\t\t\t\t\t\t--><rs-column\n\t\t\t\t\t\t\t\t\t\tid=\"slider-347-slide-773-layer-1\" \n\t\t\t\t\t\t\t\t\t\tdata-type=\"column\"\n\t\t\t\t\t\t\t\t\t\tdata-xy=\"xo:50px;yo:50px;\"\n\t\t\t\t\t\t\t\t\t\tdata-text=\"a:center;\"\n\t\t\t\t\t\t\t\t\t\tdata-rsp_bd=\"off\"\n\t\t\t\t\t\t\t\t\t\tdata-column=\"w:100%;\"\n\t\t\t\t\t\t\t\t\t\tdata-frame_0=\"o:1;\"\n\t\t\t\t\t\t\t\t\t\tdata-frame_999=\"o:0;st:w;sR:8700;sA:9000;\"\n\t\t\t\t\t\t\t\t\t\tstyle=\"z-index:2;width:100%;\"\n\t\t\t\t\t\t\t\t\t><!--\n\t\t\t\t\t\t\t\t\t\t--><rs-layer\n\t\t\t\t\t\t\t\t\t\t\tid=\"slider-347-slide-773-layer-4\" \n\t\t\t\t\t\t\t\t\t\t\tdata-type=\"text\"\n\t\t\t\t\t\t\t\t\t\t\tdata-color=\"#ffcc00\"\n\t\t\t\t\t\t\t\t\t\t\tdata-xy=\"\"\n\t\t\t\t\t\t\t\t\t\t\tdata-pos=\"r\"\n\t\t\t\t\t\t\t\t\t\t\tdata-text=\"w:normal;s:100,80,60,40;l:100,80,60,40;a:center;\"\n\t\t\t\t\t\t\t\t\t\t\tdata-basealign=\"group\"\n\t\t\t\t\t\t\t\t\t\t\tdata-rsp_o=\"off\"\n\t\t\t\t\t\t\t\t\t\t\tdata-rsp_bd=\"off\"\n\t\t\t\t\t\t\t\t\t\t\tdata-frame_0=\"o:1;c:#f50a0a;\"\n\t\t\t\t\t\t\t\t\t\t\tdata-frame_0_chars=\"d:5;y:10px;o:0;\"\n\t\t\t\t\t\t\t\t\t\t\tdata-frame_1=\"st:300;sp:1000;sR:700;\"\n\t\t\t\t\t\t\t\t\t\t\tdata-frame_1_chars=\"e:power1.inOut;d:5;\"\n\t\t\t\t\t\t\t\t\t\t\tdata-frame_999=\"o:0;st:w;sR:7700;\"\n\t\t\t\t\t\t\t\t\t\t\tstyle=\"z-index:3;font-family:'Anton';\"\n\t\t\t\t\t\t\t\t\t\t>PERROS DE MONTA\u00d1A \n\t\t\t\t\t\t\t\t\t\t<\/rs-layer><!--\n\n\t\t\t\t\t\t\t\t\t\t--><rs-layer\n\t\t\t\t\t\t\t\t\t\t\tid=\"slider-347-slide-773-layer-5\" \n\t\t\t\t\t\t\t\t\t\t\tdata-type=\"text\"\n\t\t\t\t\t\t\t\t\t\t\tdata-xy=\"\"\n\t\t\t\t\t\t\t\t\t\t\tdata-pos=\"r\"\n\t\t\t\t\t\t\t\t\t\t\tdata-text=\"w:normal;s:17,17,15,13;l:30,30,25,20;a:center;\"\n\t\t\t\t\t\t\t\t\t\t\tdata-basealign=\"group\"\n\t\t\t\t\t\t\t\t\t\t\tdata-rsp_o=\"off\"\n\t\t\t\t\t\t\t\t\t\t\tdata-rsp_bd=\"off\"\n\t\t\t\t\t\t\t\t\t\t\tdata-margin=\"t:50,40,30,20;\"\n\t\t\t\t\t\t\t\t\t\t\tdata-frame_0=\"c:#f50a0a;\"\n\t\t\t\t\t\t\t\t\t\t\tdata-frame_1=\"st:350;sp:1000;sR:700;\"\n\t\t\t\t\t\t\t\t\t\t\tdata-frame_999=\"o:0;st:w;sR:7650;\"\n\t\t\t\t\t\t\t\t\t\t\tstyle=\"z-index:4;font-family:'Montserrat';\"\n\t\t\t\t\t\t\t\t\t\t>\u00bfQui\u00e9nes somos?<br \/>\nSomos una empresa importadora de accesorios y tecnolog\u00eda para el aire libre, ubicada al pie de la majestuosa monta\u00f1a en el Valle de Uco, Mendoza, Argentina.<br \/>\n<br \/>\nDistribuimos nuestros productos en distintos puntos de venta dentro de la provincia, y llegamos a todo el pa\u00eds a trav\u00e9s de nuestra tienda online.<br \/>\n<br \/>\nCuando naci\u00f3 esta marca, lo hicimos con una idea clara: combinar la vida en la naturaleza con la tecnolog\u00eda. Quer\u00edamos ofrecer soluciones modernas que acompa\u00f1en cada aventura al aire libre, sin perder la conexi\u00f3n con lo esencial.<br \/>\n<br \/>\nY si te pregunt\u00e1s por qu\u00e9 elegimos este nombre...<br \/>\n<br \/>\nEl Perro de Monta\u00f1a es fuerte, resistente, fiel, noble. Se adapta, protege y acompa\u00f1a hasta el final. Esa es la esencia que quisimos transmitir: un compromiso con nuestros clientes tan leal como el de un verdadero compa\u00f1ero de ruta.<br \/>\n<br \/>\nAmamos lo que hacemos, y ese amor se une con nuestro respeto y cari\u00f1o por los animales. As\u00ed naci\u00f3 Perro de Monta\u00f1a, una marca hecha con coraz\u00f3n, con ra\u00edces en la tierra y con la mirada puesta en el futuro.<br \/>\n<br \/>\nGracias a cada persona que conf\u00eda en nosotros. Vamos a seguir creciendo, mejorando y adapt\u00e1ndonos a vos, como lo har\u00eda un fiel Perro de Monta\u00f1a. \n\t\t\t\t\t\t\t\t\t\t<\/rs-layer><!--\n\n\t\t\t\t\t\t\t\t\t\t--><a\n\t\t\t\t\t\t\t\t\t\t\tid=\"slider-347-slide-773-layer-6\" \n\t\t\t\t\t\t\t\t\t\t\tclass=\"rs-layer rev-btn\"\n\t\t\t\t\t\t\t\t\t\t\thref=\"http:\/\/tienda@almacenpdm.com\" target=\"_self\" rel=\"nofollow\"\n\t\t\t\t\t\t\t\t\t\t\tdata-type=\"button\"\n\t\t\t\t\t\t\t\t\t\t\tdata-bsh=\"c:rgba(0,0,0,0.15);v:10px;b:20px;\"\n\t\t\t\t\t\t\t\t\t\t\tdata-xy=\"\"\n\t\t\t\t\t\t\t\t\t\t\tdata-pos=\"r\"\n\t\t\t\t\t\t\t\t\t\t\tdata-text=\"w:normal;s:17,17,15,15;l:48,48,40,40;fw:600;\"\n\t\t\t\t\t\t\t\t\t\t\tdata-dim=\"minh:0px,none,none,none;\"\n\t\t\t\t\t\t\t\t\t\t\tdata-basealign=\"group\"\n\t\t\t\t\t\t\t\t\t\t\tdata-rsp_o=\"off\"\n\t\t\t\t\t\t\t\t\t\t\tdata-rsp_bd=\"off\"\n\t\t\t\t\t\t\t\t\t\t\tdata-disp=\"inline-block\"\n\t\t\t\t\t\t\t\t\t\t\tdata-margin=\"t:70,60,50,30;\"\n\t\t\t\t\t\t\t\t\t\t\tdata-padding=\"r:39,39,30,30;l:39,39,30,30;\"\n\t\t\t\t\t\t\t\t\t\t\tdata-border=\"bos:solid;boc:#ffffff;bow:1px,1px,1px,1px;bor:3px,3px,3px,3px;\"\n\t\t\t\t\t\t\t\t\t\t\tdata-frame_0=\"c:#f50a0a;\"\n\t\t\t\t\t\t\t\t\t\t\tdata-frame_1=\"st:400;sp:1000;sR:400;\"\n\t\t\t\t\t\t\t\t\t\t\tdata-frame_999=\"o:0;st:w;sR:7600;\"\n\t\t\t\t\t\t\t\t\t\t\tdata-frame_hover=\"c:#fff;boc:rgba(255,255,255,0.5);bor:3px,3px,3px,3px;bos:solid;bow:1px,1px,1px,1px;sp:300ms;e:power1.inOut;bri:100%;\"\n\t\t\t\t\t\t\t\t\t\t\tstyle=\"z-index:5;font-family:'Montserrat';cursor:pointer;display:inline-block;\"\n\t\t\t\t\t\t\t\t\t\t>Quieres saber mas? \n\t\t\t\t\t\t\t\t\t\t<\/a><!--\n\t\t\t\t\t\t\t\t\t--><\/rs-column><!--\n\t\t\t\t\t\t\t\t--><\/rs-row><!--\n\t\t\t\t\t\t\t--><\/rs-zone><!--\n\n\t\t\t\t\t\t\t--><rs-layer\n\t\t\t\t\t\t\t\tid=\"slider-347-slide-773-layer-55\" \n\t\t\t\t\t\t\t\tdata-type=\"image\"\n\t\t\t\t\t\t\t\tdata-rsp_ch=\"on\"\n\t\t\t\t\t\t\t\tdata-xy=\"x:c;y:m;\"\n\t\t\t\t\t\t\t\tdata-text=\"w:normal;s:20,16,12,7;l:0,20,15,9;\"\n\t\t\t\t\t\t\t\tdata-dim=\"w:[&#039;100%&#039;,&#039;100%&#039;,&#039;100%&#039;,&#039;100%&#039;];h:[&#039;100%&#039;,&#039;100%&#039;,&#039;100%&#039;,&#039;100%&#039;];\"\n\t\t\t\t\t\t\t\tdata-basealign=\"slide\"\n\t\t\t\t\t\t\t\tdata-blendmode=\"overlay\"\n\t\t\t\t\t\t\t\tdata-frame_1=\"st:500;sR:500;\"\n\t\t\t\t\t\t\t\tdata-frame_999=\"o:0;st:w;sR:8200;\"\n\t\t\t\t\t\t\t\tstyle=\"z-index:11;\"\n\t\t\t\t\t\t\t><img decoding=\"async\" src=\"\/\/almacenpdm.com\/almacen\/wp-content\/plugins\/revslider-3\/sr6\/assets\/assets\/dummy.png\" alt=\"\" class=\"tp-rs-img rs-lazyload\" width=\"1600\" height=\"800\" data-lazyload=\"\/\/almacenpdm.com\/almacen\/wp-content\/uploads\/revslider\/particle-hero\/colors.jpg\" data-c=\"cover-proportional\" data-no-retina> \n\t\t\t\t\t\t\t<\/rs-layer><!--\n-->\t\t\t\t\t<\/rs-slide>\n\t\t\t\t\t<\/rs-slides>\n\t\t\t\t<\/rs-module>\n\t\t\t\t<script data-jetpack-boost=\"ignore\">\n\t\t\t\t\tsetREVStartSize({c: 'rev_slider_347_1',rl:[1240,1024,778,480],el:[989,570,472,582],gw:[1240,1024,778,480],gh:[630,570,472,352],type:'hero',justify:'',layout:'fullwidth',mh:\"0\"});if (window.RS_MODULES!==undefined && window.RS_MODULES.modules!==undefined && window.RS_MODULES.modules[\"revslider3471\"]!==undefined) {window.RS_MODULES.modules[\"revslider3471\"].once = false;window.revapi347 = undefined;if (window.RS_MODULES.checkMinimal!==undefined) window.RS_MODULES.checkMinimal()}\n\t\t\t\t<\/script>\n\t\t\t<\/rs-module-wrap>\n\t\t\t<!-- END REVOLUTION SLIDER -->\n\n","protected":false},"excerpt":{"rendered":"PERROS DE MONTA\u00d1A \u00bfQui\u00e9nes somos? Somos una empresa importadora de accesorios y tecnolog\u00eda para el aire libre, ubicada al pie de la majestuosa monta\u00f1a en...","protected":false},"author":1,"featured_media":0,"parent":0,"menu_order":0,"comment_status":"closed","ping_status":"closed","template":"","meta":{"footnotes":""},"class_list":["post-75892","page","type-page","status-publish"],"jetpack_sharing_enabled":true,"_links":{"self":[{"href":"https:\/\/almacenpdm.com\/almacen\/wp-json\/wp\/v2\/pages\/75892","targetHints":{"allow":["GET"]}}],"collection":[{"href":"https:\/\/almacenpdm.com\/almacen\/wp-json\/wp\/v2\/pages"}],"about":[{"href":"https:\/\/almacenpdm.com\/almacen\/wp-json\/wp\/v2\/types\/page"}],"author":[{"embeddable":true,"href":"https:\/\/almacenpdm.com\/almacen\/wp-json\/wp\/v2\/users\/1"}],"replies":[{"embeddable":true,"href":"https:\/\/almacenpdm.com\/almacen\/wp-json\/wp\/v2\/comments?post=75892"}],"version-history":[{"count":0,"href":"https:\/\/almacenpdm.com\/almacen\/wp-json\/wp\/v2\/pages\/75892\/revisions"}],"wp:attachment":[{"href":"https:\/\/almacenpdm.com\/almacen\/wp-json\/wp\/v2\/media?parent=75892"}],"curies":[{"name":"wp","href":"https:\/\/api.w.org\/{rel}","templated":true}]}}