{"id":1507,"date":"2022-06-09T15:45:23","date_gmt":"2022-06-09T15:45:23","guid":{"rendered":"http:\/\/almacenpdm.com\/almacen\/?post_type=product&#038;p=1507"},"modified":"2024-04-17T21:29:20","modified_gmt":"2024-04-17T21:29:20","slug":"smartwatch-pdm-x8-max","status":"publish","type":"product","link":"https:\/\/almacenpdm.com\/almacen\/producto\/smartwatch-pdm-x8-max\/","title":{"rendered":"Smartwatch PDM X8 MAX"},"content":{"rendered":"<p><strong>Smartwatch PDM X8 MAX<\/strong><\/p>\n<p style=\"text-align: center;\">App: HryFine IP67 (Repelente al agua NO es sumergible) Tiempo de carga : 1.5H &#8211; Tiempo de duraci\u00f3n : 3-5 Dias Compatible con Android y iOS BT 3.0\/4.0 &#8211; Memoria: 32MB Sistema Compatible: Android 5,0 y superior a IOS9.0 y superior Tama\u00f1o de pantalla: 1,75 pulgadas Nivel de Impermeabilidad: IP67 (solo uso diario, sin nataci\u00f3n\/ba\u00f1o\/buceo, etc.) Funciones: &#8211; Buscar tel\u00e9fono. &#8211; Registro de llamadas. &#8211; Notificaciones de Apps. &#8211; Recordatorio de sedentarismo. &#8211; Teclado para realizar llamados. &#8211; Se puede descargar aplicaciones por c\u00f3digo QR. &#8211; Medici\u00f3n de temperatura corporal. &#8211; Recuento de pasos. &#8211; M\u00fasica Bluetooth &#8211; Cambio de estilo de men\u00fa. &#8211; Brillo adaptable. &#8211; Modo Deporte. &#8211; Monitoreo del sue\u00f1o. &#8211; Despertador. &#8211; Cron\u00f3metro. &#8211; Medici\u00f3n de presi\u00f3n arterial. &#8211; Medici\u00f3n de frecuencia card\u00edaca. &#8211; Agenda telef\u00f3nica. &#8211; Clima. &#8211; Linterna.<\/p>\n<p><em>ADMITE CAMBIO DE MALLAS PERSONALIZADAS<\/em><\/p>\n","protected":false},"excerpt":{"rendered":"<p>Smartwatch PDM X8 MAX App: HryFine IP67 (Repelente al agua NO es sumergible) Tiempo de carga : 1.5H &#8211; Tiempo de duraci\u00f3n : 3-5 Dias&#8230;<\/p>\n","protected":false},"featured_media":1508,"template":"","meta":[],"product_brand":[],"product_cat":[17],"product_tag":[],"class_list":{"0":"post-1507","1":"product","2":"type-product","3":"status-publish","4":"has-post-thumbnail","6":"product_cat-sw","8":"first","9":"instock","10":"shipping-taxable","11":"purchasable","12":"product-type-simple"},"jetpack_sharing_enabled":true,"_links":{"self":[{"href":"https:\/\/almacenpdm.com\/almacen\/wp-json\/wp\/v2\/product\/1507","targetHints":{"allow":["GET"]}}],"collection":[{"href":"https:\/\/almacenpdm.com\/almacen\/wp-json\/wp\/v2\/product"}],"about":[{"href":"https:\/\/almacenpdm.com\/almacen\/wp-json\/wp\/v2\/types\/product"}],"wp:featuredmedia":[{"embeddable":true,"href":"https:\/\/almacenpdm.com\/almacen\/wp-json\/wp\/v2\/media\/1508"}],"wp:attachment":[{"href":"https:\/\/almacenpdm.com\/almacen\/wp-json\/wp\/v2\/media?parent=1507"}],"wp:term":[{"taxonomy":"product_brand","embeddable":true,"href":"https:\/\/almacenpdm.com\/almacen\/wp-json\/wp\/v2\/product_brand?post=1507"},{"taxonomy":"product_cat","embeddable":true,"href":"https:\/\/almacenpdm.com\/almacen\/wp-json\/wp\/v2\/product_cat?post=1507"},{"taxonomy":"product_tag","embeddable":true,"href":"https:\/\/almacenpdm.com\/almacen\/wp-json\/wp\/v2\/product_tag?post=1507"}],"curies":[{"name":"wp","href":"https:\/\/api.w.org\/{rel}","templated":true}]}}