{"id":75908,"date":"2024-04-17T22:01:45","date_gmt":"2024-04-17T22:01:45","guid":{"rendered":"https:\/\/almacenpdm.com\/almacen\/?post_type=product&#038;p=75908"},"modified":"2024-04-21T17:31:36","modified_gmt":"2024-04-21T17:31:36","slug":"auriculares-akz-pdm-tws","status":"publish","type":"product","link":"https:\/\/almacenpdm.com\/almacen\/producto\/auriculares-akz-pdm-tws\/","title":{"rendered":"Auriculares AKZ PDM Tws"},"content":{"rendered":"<p>NUEVOS AKZ By Pdm sonido Premium!<\/p>\n<p>Auriculares inal\u00e1mbricos compatibles con Android e IOS. Cancelaci\u00f3n de ruido \u2013 formato in ear con almohadillas \u2013 sonido est\u00e9reo \u2013 c\u00e1psula cargadora de auriculares con 300 MAH de autonom\u00eda: coloca tus auriculares en la funda cargadora y autom\u00e1ticamente se recargar\u00e1n<span class=\"Apple-converted-space\">\u00a0 <\/span>menor consumo de energ\u00eda \u2014 Resistente a salpicaduras y sudoraci\u00f3n \u2013 bot\u00f3n t\u00e1ctil multifunci\u00f3n en auriculares \u2013 bluetooth con un alcance de hasta 10 metros libres \u2013 Bluetooth 5.0 \/ Emparejamiento autom\u00e1tico: memoria interna del TWS que vuelve a conectar autom\u00e1ticamente el dispositivo celular con los TWS.<span class=\"Apple-converted-space\">\u00a0<\/span><\/p>\n<p>Funci\u00f3n smart touch: Enciende y apaga los auriculares, contesta llamadas y rechazalas, inicia Siri, sigue adelante o hacia atr\u00e1s las canciones, controla el volumen.<\/p>\n<p><b>Tipo de carga: TIPO C.<\/b><\/p>\n<p><b>El paquete incluye:<\/b><\/p>\n<p><b>1 par de auriculares bluetooth<\/b><\/p>\n<p><b>1 x caja de carga<\/b><\/p>\n<p><b>1 x cable de carga<\/b><\/p>\n","protected":false},"excerpt":{"rendered":"<p>NUEVOS AKZ By Pdm sonido Premium! Auriculares inal\u00e1mbricos compatibles con Android e IOS. Cancelaci\u00f3n de ruido \u2013 formato in ear con almohadillas \u2013 sonido est\u00e9reo&#8230;<\/p>\n","protected":false},"featured_media":75925,"template":"","meta":[],"product_brand":[],"product_cat":[18],"product_tag":[],"class_list":{"0":"post-75908","1":"product","2":"type-product","3":"status-publish","4":"has-post-thumbnail","6":"product_cat-tws","8":"first","9":"instock","10":"shipping-taxable","11":"purchasable","12":"product-type-variable"},"jetpack_sharing_enabled":true,"_links":{"self":[{"href":"https:\/\/almacenpdm.com\/almacen\/wp-json\/wp\/v2\/product\/75908","targetHints":{"allow":["GET"]}}],"collection":[{"href":"https:\/\/almacenpdm.com\/almacen\/wp-json\/wp\/v2\/product"}],"about":[{"href":"https:\/\/almacenpdm.com\/almacen\/wp-json\/wp\/v2\/types\/product"}],"wp:featuredmedia":[{"embeddable":true,"href":"https:\/\/almacenpdm.com\/almacen\/wp-json\/wp\/v2\/media\/75925"}],"wp:attachment":[{"href":"https:\/\/almacenpdm.com\/almacen\/wp-json\/wp\/v2\/media?parent=75908"}],"wp:term":[{"taxonomy":"product_brand","embeddable":true,"href":"https:\/\/almacenpdm.com\/almacen\/wp-json\/wp\/v2\/product_brand?post=75908"},{"taxonomy":"product_cat","embeddable":true,"href":"https:\/\/almacenpdm.com\/almacen\/wp-json\/wp\/v2\/product_cat?post=75908"},{"taxonomy":"product_tag","embeddable":true,"href":"https:\/\/almacenpdm.com\/almacen\/wp-json\/wp\/v2\/product_tag?post=75908"}],"curies":[{"name":"wp","href":"https:\/\/api.w.org\/{rel}","templated":true}]}}