{"id":75918,"date":"2024-04-17T23:40:15","date_gmt":"2024-04-17T23:40:15","guid":{"rendered":"https:\/\/almacenpdm.com\/almacen\/?post_type=product&#038;p=75918"},"modified":"2024-04-21T17:09:45","modified_gmt":"2024-04-21T17:09:45","slug":"vidrio-templado-9d-pro-pdm","status":"publish","type":"product","link":"https:\/\/almacenpdm.com\/almacen\/producto\/vidrio-templado-9d-pro-pdm\/","title":{"rendered":"Vidrio Templado 9D PRO PDM"},"content":{"rendered":"<p>Despu\u00e9s de una larga prueba de calidades, fabricas en china y dem\u00e1s tecnolog\u00edas de protecci\u00f3n encontramos el equilibrio entre precio y calidad!<\/p>\n<p>CUBRE TODA LA PANTALLA DEL CELULAR<\/p>\n<p>*Anti-Huella Anti-Grasa.<br \/>\n*Evita rayones.<br \/>\n*Protege tu pantalla de golpes y ca\u00eddas.<br \/>\n*100% Transparente.<br \/>\n*Evita rayones.<br \/>\n*Mantiene la sensibilidad del t\u00e1ctil.<\/p>\n<p>-Si decide que se lo enviemos este viene con un kit de instalaci\u00f3n muy f\u00e1cil de usar.<br \/>\n-Tenemos vidrios templados para casi todos los modelos de celulares, cons\u00faltenos por el suyo.<\/p>\n","protected":false},"excerpt":{"rendered":"<p>Despu\u00e9s de una larga prueba de calidades, fabricas en china y dem\u00e1s tecnolog\u00edas de protecci\u00f3n encontramos el equilibrio entre precio y calidad! CUBRE TODA LA&#8230;<\/p>\n","protected":false},"featured_media":76174,"template":"","meta":[],"product_brand":[],"product_cat":[157],"product_tag":[],"class_list":{"0":"post-75918","1":"product","2":"type-product","3":"status-publish","4":"has-post-thumbnail","6":"product_cat-vidrio-templado","8":"first","9":"instock","10":"shipping-taxable","11":"purchasable","12":"product-type-variable","13":"has-default-attributes"},"jetpack_sharing_enabled":true,"_links":{"self":[{"href":"https:\/\/almacenpdm.com\/almacen\/wp-json\/wp\/v2\/product\/75918","targetHints":{"allow":["GET"]}}],"collection":[{"href":"https:\/\/almacenpdm.com\/almacen\/wp-json\/wp\/v2\/product"}],"about":[{"href":"https:\/\/almacenpdm.com\/almacen\/wp-json\/wp\/v2\/types\/product"}],"wp:featuredmedia":[{"embeddable":true,"href":"https:\/\/almacenpdm.com\/almacen\/wp-json\/wp\/v2\/media\/76174"}],"wp:attachment":[{"href":"https:\/\/almacenpdm.com\/almacen\/wp-json\/wp\/v2\/media?parent=75918"}],"wp:term":[{"taxonomy":"product_brand","embeddable":true,"href":"https:\/\/almacenpdm.com\/almacen\/wp-json\/wp\/v2\/product_brand?post=75918"},{"taxonomy":"product_cat","embeddable":true,"href":"https:\/\/almacenpdm.com\/almacen\/wp-json\/wp\/v2\/product_cat?post=75918"},{"taxonomy":"product_tag","embeddable":true,"href":"https:\/\/almacenpdm.com\/almacen\/wp-json\/wp\/v2\/product_tag?post=75918"}],"curies":[{"name":"wp","href":"https:\/\/api.w.org\/{rel}","templated":true}]}}