{"id":76157,"date":"2024-04-21T00:00:59","date_gmt":"2024-04-21T00:00:59","guid":{"rendered":"https:\/\/almacenpdm.com\/almacen\/?post_type=product&#038;p=76157"},"modified":"2024-04-21T00:00:59","modified_gmt":"2024-04-21T00:00:59","slug":"parlante-hibrido-miu","status":"publish","type":"product","link":"https:\/\/almacenpdm.com\/almacen\/producto\/parlante-hibrido-miu\/","title":{"rendered":"Parlante H\u00edbrido MIU"},"content":{"rendered":"<ul>\n<li class=\"col-left\" data-spm-anchor-id=\"a2700.wholesale.0.i52.14913f38f3nTxP\">Conjunto de chips JL<\/li>\n<li class=\"col-left\" data-spm-anchor-id=\"a2700.wholesale.0.i52.14913f38f3nTxP\">Comunicaci\u00f3n inal\u00e1mbrica<\/li>\n<li class=\"col-left\" data-spm-anchor-id=\"a2700.wholesale.0.i52.14913f38f3nTxP\">Funci\u00f3n bluetooth, micr\u00f3fono, Power Bank, verdadero est\u00e9reo inal\u00e1mbrico, resistente al agua<\/li>\n<li class=\"col-left\" data-spm-anchor-id=\"a2700.wholesale.0.i52.14913f38f3nTxP\">Est\u00e1ndar impermeable IPX-5<\/li>\n<li class=\"col-left\" data-spm-anchor-id=\"a2700.wholesale.0.i52.14913f38f3nTxP\">Conectores TIPO-C<\/li>\n<li class=\"col-left\" data-spm-anchor-id=\"a2700.wholesale.0.i52.14913f38f3nTxP\">Bot\u00f3n de control S\u00ed<\/li>\n<li class=\"col-left\" data-spm-anchor-id=\"a2700.wholesale.0.i52.14913f38f3nTxP\">Es inal\u00e1mbrico S\u00ed<\/li>\n<li class=\"col-left\" data-spm-anchor-id=\"a2700.wholesale.0.i52.14913f38f3nTxP\">Utilice reproductor multimedia port\u00e1til, tel\u00e9fono m\u00f3vil, aviaci\u00f3n, COMPUTADORA, DJ, juegos, deportes, audi\u00f3filos, viajes, PROFESIONAL, AUD\u00cdFONOS, para barra de Internet, para iPod, auriculares de alta fidelidad<\/li>\n<li class=\"col-left\" data-spm-anchor-id=\"a2700.wholesale.0.i52.14913f38f3nTxP\">Molde privado S\u00ed<\/li>\n<li class=\"col-left\" data-spm-anchor-id=\"a2700.wholesale.0.i52.14913f38f3nTxP\">Bluetooth Est\u00e1ndar Bluetooth v5.3<\/li>\n<li class=\"col-left\" data-spm-anchor-id=\"a2700.wholesale.0.i52.14913f38f3nTxP\">N\u00famero de modelo M47<\/li>\n<li class=\"col-left\" data-spm-anchor-id=\"a2700.wholesale.0.i52.14913f38f3nTxP\">Nombre del producto Auriculares con control t\u00e1ctil<\/li>\n<li class=\"col-left\" data-spm-anchor-id=\"a2700.wholesale.0.i52.14913f38f3nTxP\">MaterialABS+PVC<\/li>\n<li class=\"col-left\" data-spm-anchor-id=\"a2700.wholesale.0.i52.14913f38f3nTxP\">Micr\u00f3fono incorporado<\/li>\n<li class=\"col-left\" data-spm-anchor-id=\"a2700.wholesale.0.i52.14913f38f3nTxP\">Versi\u00f3n Bluetooth V5.3<\/li>\n<li class=\"col-left\" data-spm-anchor-id=\"a2700.wholesale.0.i52.14913f38f3nTxP\">Caracter\u00edstica sonido perfecto<\/li>\n<li class=\"col-left\" data-spm-anchor-id=\"a2700.wholesale.0.i52.14913f38f3nTxP\">bater\u00eda del auricular 50 mAh<\/li>\n<li class=\"col-left\" data-spm-anchor-id=\"a2700.wholesale.0.i52.14913f38f3nTxP\">Tiempo de trabajo 5 HORAS<\/li>\n<li class=\"col-left\" data-spm-anchor-id=\"a2700.wholesale.0.i52.14913f38f3nTxP\">capacidad de la bater\u00eda de la caja de carga 1200 mAh<\/li>\n<\/ul>\n<p>Este Parlante h\u00edbrido ademas de venir en un packaging ECOFRIENDLY , es ideal para el aire libre, su alta duraci\u00f3n de bater\u00eda lo hace incre\u00edble, sus luces perfectas, ademas cuenta con FM, una cubierta de silicona con un agarre tipo gancho aluminio! BAJOS realmente buenos y auriculares de excelente calidad.<\/p>\n<p>Sumergete a la aventura con MIU de Pdm!<\/p>\n","protected":false},"excerpt":{"rendered":"<p>Conjunto de chips JL Comunicaci\u00f3n inal\u00e1mbrica Funci\u00f3n bluetooth, micr\u00f3fono, Power Bank, verdadero est\u00e9reo inal\u00e1mbrico, resistente al agua Est\u00e1ndar impermeable IPX-5 Conectores TIPO-C Bot\u00f3n de control&#8230;<\/p>\n","protected":false},"featured_media":76158,"template":"","meta":[],"product_brand":[],"product_cat":[266],"product_tag":[],"class_list":{"0":"post-76157","1":"product","2":"type-product","3":"status-publish","4":"has-post-thumbnail","6":"product_cat-parlantes","8":"first","9":"instock","10":"shipping-taxable","11":"purchasable","12":"product-type-variable"},"jetpack_sharing_enabled":true,"_links":{"self":[{"href":"https:\/\/almacenpdm.com\/almacen\/wp-json\/wp\/v2\/product\/76157","targetHints":{"allow":["GET"]}}],"collection":[{"href":"https:\/\/almacenpdm.com\/almacen\/wp-json\/wp\/v2\/product"}],"about":[{"href":"https:\/\/almacenpdm.com\/almacen\/wp-json\/wp\/v2\/types\/product"}],"wp:featuredmedia":[{"embeddable":true,"href":"https:\/\/almacenpdm.com\/almacen\/wp-json\/wp\/v2\/media\/76158"}],"wp:attachment":[{"href":"https:\/\/almacenpdm.com\/almacen\/wp-json\/wp\/v2\/media?parent=76157"}],"wp:term":[{"taxonomy":"product_brand","embeddable":true,"href":"https:\/\/almacenpdm.com\/almacen\/wp-json\/wp\/v2\/product_brand?post=76157"},{"taxonomy":"product_cat","embeddable":true,"href":"https:\/\/almacenpdm.com\/almacen\/wp-json\/wp\/v2\/product_cat?post=76157"},{"taxonomy":"product_tag","embeddable":true,"href":"https:\/\/almacenpdm.com\/almacen\/wp-json\/wp\/v2\/product_tag?post=76157"}],"curies":[{"name":"wp","href":"https:\/\/api.w.org\/{rel}","templated":true}]}}