{"id":76187,"date":"2024-04-22T00:27:11","date_gmt":"2024-04-22T00:27:11","guid":{"rendered":"https:\/\/almacenpdm.com\/almacen\/?post_type=product&#038;p=76187"},"modified":"2024-04-22T00:27:55","modified_gmt":"2024-04-22T00:27:55","slug":"auriculares-uva-tws","status":"publish","type":"product","link":"https:\/\/almacenpdm.com\/almacen\/producto\/auriculares-uva-tws\/","title":{"rendered":"Auriculares UVA tws"},"content":{"rendered":"<div data-fs-description-container=\"true\">\n<div>\n<div data-fs-description-text=\"true\">Los UVA by PDM te ofrece un sin fin de funciones! con un dise\u00f1o practico son el complemento ideal para tus actividades!<\/div>\n<div data-fs-description-text=\"true\"><\/div>\n<div data-fs-description-text=\"true\">1. Compatible con IOS y Android<br \/>\n2. Ventana emergente para IOS<br \/>\n3. Admite cambio de nombre<br \/>\n4. Llamada Binaural, los auriculares izquierdo y derecho se pueden usar por separado.<br \/>\n5. Par autom\u00e1tico\/conexi\u00f3n autom\u00e1tica.<br \/>\n6. Sin luz LED al usarlo.<br \/>\n7. Bot\u00f3n de control t\u00e1ctil multifunci\u00f3n.<br \/>\n8. Sonido est\u00e9reo y de graves Hifi.<br \/>\n9. Actualice el chip Bluetooth 5,0, el rendimiento es mejorado, 10 metros no se atascan y son continuos.<br \/>\n10. Admite pista anterior\/siguiente pista.<br \/>\n11. Admite activaci\u00f3n por Siri.La funci\u00f3n emergente m\u00e1s reciente solo funcionar\u00e1 cuando se conecta con IOS 13,2 o superior. Aseg\u00farate de haber actualizado tu Sistema IOS.<\/p>\n<p>Sobre el emparejamiento:<br \/>\nAndroid: abra el tel\u00e9fono bluetooth, presione el bot\u00f3n de la caja de carga 3 segundos, busque por tel\u00e9fono y emparejamiento<\/p>\n<p>Especificaci\u00f3n de Bluetooth: V5.0<br \/>\n1. Perfil Bluetooth: A2DP,AVRCP, HFP;HSP<br \/>\n2.Voltaje de funcionamiento: 3,1 V ~ 4,2 V<br \/>\n3. Voltaje de carga: 5V-1A<br \/>\n4. Capacidad de la bater\u00eda de los auriculares: 40MAH<br \/>\n5. Capacidad de la bater\u00eda de la caja de almacenamiento: 300MAH<br \/>\n6. Distancia de transmisi\u00f3n:&gt;10M<br \/>\n7. Tiempo de llamada: 4-5 h<br \/>\n8. Tiempo de reproducci\u00f3n: 3,5-4 h<br \/>\n9. Resistente al agua: IPX7<br \/>\n10. Tiempo de carga de los auriculares: 1 h<br \/>\n11. Tiempo de carga de la caja de carga: 1,5 h<\/p>\n<p>El paquete incluye:<br \/>\n* 2 Mini auricular Bluetooth<br \/>\n* 1 Case (Estuche)<br \/>\n* 1 Cable Cargador<br \/>\nSe env\u00eda en su caja<\/p>\n<\/div>\n<\/div>\n<\/div>\n<div class=\"see-more-link_fs-see-more-link__WdJd8\"><\/div>\n","protected":false},"excerpt":{"rendered":"<p>Los UVA by PDM te ofrece un sin fin de funciones! con un dise\u00f1o practico son el complemento ideal para tus actividades! 1. Compatible con&#8230;<\/p>\n","protected":false},"featured_media":76188,"template":"","meta":[],"product_brand":[],"product_cat":[18],"product_tag":[],"class_list":{"0":"post-76187","1":"product","2":"type-product","3":"status-publish","4":"has-post-thumbnail","6":"product_cat-tws","8":"first","9":"instock","10":"shipping-taxable","11":"purchasable","12":"product-type-variable"},"jetpack_sharing_enabled":true,"_links":{"self":[{"href":"https:\/\/almacenpdm.com\/almacen\/wp-json\/wp\/v2\/product\/76187","targetHints":{"allow":["GET"]}}],"collection":[{"href":"https:\/\/almacenpdm.com\/almacen\/wp-json\/wp\/v2\/product"}],"about":[{"href":"https:\/\/almacenpdm.com\/almacen\/wp-json\/wp\/v2\/types\/product"}],"wp:featuredmedia":[{"embeddable":true,"href":"https:\/\/almacenpdm.com\/almacen\/wp-json\/wp\/v2\/media\/76188"}],"wp:attachment":[{"href":"https:\/\/almacenpdm.com\/almacen\/wp-json\/wp\/v2\/media?parent=76187"}],"wp:term":[{"taxonomy":"product_brand","embeddable":true,"href":"https:\/\/almacenpdm.com\/almacen\/wp-json\/wp\/v2\/product_brand?post=76187"},{"taxonomy":"product_cat","embeddable":true,"href":"https:\/\/almacenpdm.com\/almacen\/wp-json\/wp\/v2\/product_cat?post=76187"},{"taxonomy":"product_tag","embeddable":true,"href":"https:\/\/almacenpdm.com\/almacen\/wp-json\/wp\/v2\/product_tag?post=76187"}],"curies":[{"name":"wp","href":"https:\/\/api.w.org\/{rel}","templated":true}]}}