{"id":76230,"date":"2024-04-22T23:13:11","date_gmt":"2024-04-22T23:13:11","guid":{"rendered":"https:\/\/almacenpdm.com\/almacen\/?post_type=product&#038;p=76230"},"modified":"2024-04-22T23:13:11","modified_gmt":"2024-04-22T23:13:11","slug":"bumper-360-case","status":"publish","type":"product","link":"https:\/\/almacenpdm.com\/almacen\/producto\/bumper-360-case\/","title":{"rendered":"Bumper 360 Case"},"content":{"rendered":"<p>Estas fundas son incre\u00edblemente hermosas! ademas de una protecci\u00f3n eficaz con sus detalles!<\/p>\n<p>Bumpers en todos sus bordes y c\u00e1mara , separados en 2 con una protecci\u00f3n acr\u00edlica transparente hace que tu equipo luzca simplemente hermoso!<\/p>\n<p>amigable con accesorios! amigable con vidrios planos o vidrios 9D amigables con el case<\/p>\n","protected":false},"excerpt":{"rendered":"<p>Estas fundas son incre\u00edblemente hermosas! ademas de una protecci\u00f3n eficaz con sus detalles! Bumpers en todos sus bordes y c\u00e1mara , separados en 2 con&#8230;<\/p>\n","protected":false},"featured_media":76231,"template":"","meta":[],"product_brand":[],"product_cat":[158],"product_tag":[],"class_list":{"0":"post-76230","1":"product","2":"type-product","3":"status-publish","4":"has-post-thumbnail","6":"product_cat-fundas-de-celulares","8":"first","9":"instock","10":"shipping-taxable","11":"purchasable","12":"product-type-variable","13":"has-default-attributes"},"jetpack_sharing_enabled":true,"_links":{"self":[{"href":"https:\/\/almacenpdm.com\/almacen\/wp-json\/wp\/v2\/product\/76230","targetHints":{"allow":["GET"]}}],"collection":[{"href":"https:\/\/almacenpdm.com\/almacen\/wp-json\/wp\/v2\/product"}],"about":[{"href":"https:\/\/almacenpdm.com\/almacen\/wp-json\/wp\/v2\/types\/product"}],"wp:featuredmedia":[{"embeddable":true,"href":"https:\/\/almacenpdm.com\/almacen\/wp-json\/wp\/v2\/media\/76231"}],"wp:attachment":[{"href":"https:\/\/almacenpdm.com\/almacen\/wp-json\/wp\/v2\/media?parent=76230"}],"wp:term":[{"taxonomy":"product_brand","embeddable":true,"href":"https:\/\/almacenpdm.com\/almacen\/wp-json\/wp\/v2\/product_brand?post=76230"},{"taxonomy":"product_cat","embeddable":true,"href":"https:\/\/almacenpdm.com\/almacen\/wp-json\/wp\/v2\/product_cat?post=76230"},{"taxonomy":"product_tag","embeddable":true,"href":"https:\/\/almacenpdm.com\/almacen\/wp-json\/wp\/v2\/product_tag?post=76230"}],"curies":[{"name":"wp","href":"https:\/\/api.w.org\/{rel}","templated":true}]}}