{"id":76293,"date":"2024-04-25T21:07:19","date_gmt":"2024-04-25T21:07:19","guid":{"rendered":"https:\/\/almacenpdm.com\/almacen\/?post_type=product&#038;p=76293"},"modified":"2024-04-26T19:50:10","modified_gmt":"2024-04-26T19:50:10","slug":"cargador-ldnio-type-c-40w","status":"publish","type":"product","link":"https:\/\/almacenpdm.com\/almacen\/producto\/cargador-ldnio-type-c-40w\/","title":{"rendered":"Cargador LDNIO Type C 40W"},"content":{"rendered":"<p>Cargador de pared de carga r\u00e1pida LDNIO con entrada tipo C 40w; este celular le da a los nuevos celulares como Iphone; o en lo que es Android a todos los celulares de entrada de tipo C Alta gama.<br \/>\nTecnolog\u00eda de estampado de ondas ultras\u00f3nicas, resistente a la presi\u00f3n y resistente a roturas.<\/p>\n<p>El enchufe plegable se puede plegar cuando no lo est\u00e1 usando y no obstaculizar\u00e1.<br \/>\nSe pueden reemplazar f\u00e1cilmente diferentes enchufes.<br \/>\nAmplio rango de aplicaci\u00f3n de voltaje amplio de 100-240 V compatible con diferentes pa\u00edses y regiones.<br \/>\nEl material de PC ign\u00edfugo de 850 \u00b0 evita eficazmente la combusti\u00f3n.<br \/>\nEl cable Ldnio-pd se utiliza en la carga de descarga parcial de Apple para maximizar su funci\u00f3n.<\/p>\n","protected":false},"excerpt":{"rendered":"<p>Cargador de pared de carga r\u00e1pida LDNIO con entrada tipo C 40w; este celular le da a los nuevos celulares como Iphone; o en lo&#8230;<\/p>\n","protected":false},"featured_media":76295,"template":"","meta":[],"product_brand":[],"product_cat":[289],"product_tag":[],"class_list":{"0":"post-76293","1":"product","2":"type-product","3":"status-publish","4":"has-post-thumbnail","6":"product_cat-cargadores-y-cables","8":"first","9":"instock","10":"shipping-taxable","11":"purchasable","12":"product-type-simple"},"jetpack_sharing_enabled":true,"_links":{"self":[{"href":"https:\/\/almacenpdm.com\/almacen\/wp-json\/wp\/v2\/product\/76293","targetHints":{"allow":["GET"]}}],"collection":[{"href":"https:\/\/almacenpdm.com\/almacen\/wp-json\/wp\/v2\/product"}],"about":[{"href":"https:\/\/almacenpdm.com\/almacen\/wp-json\/wp\/v2\/types\/product"}],"wp:featuredmedia":[{"embeddable":true,"href":"https:\/\/almacenpdm.com\/almacen\/wp-json\/wp\/v2\/media\/76295"}],"wp:attachment":[{"href":"https:\/\/almacenpdm.com\/almacen\/wp-json\/wp\/v2\/media?parent=76293"}],"wp:term":[{"taxonomy":"product_brand","embeddable":true,"href":"https:\/\/almacenpdm.com\/almacen\/wp-json\/wp\/v2\/product_brand?post=76293"},{"taxonomy":"product_cat","embeddable":true,"href":"https:\/\/almacenpdm.com\/almacen\/wp-json\/wp\/v2\/product_cat?post=76293"},{"taxonomy":"product_tag","embeddable":true,"href":"https:\/\/almacenpdm.com\/almacen\/wp-json\/wp\/v2\/product_tag?post=76293"}],"curies":[{"name":"wp","href":"https:\/\/api.w.org\/{rel}","templated":true}]}}