{"id":76296,"date":"2024-04-25T21:16:16","date_gmt":"2024-04-25T21:16:16","guid":{"rendered":"https:\/\/almacenpdm.com\/almacen\/?post_type=product&#038;p=76296"},"modified":"2024-04-26T19:49:23","modified_gmt":"2024-04-26T19:49:23","slug":"cargador-trafo-c-25w-sin-cable","status":"publish","type":"product","link":"https:\/\/almacenpdm.com\/almacen\/producto\/cargador-trafo-c-25w-sin-cable\/","title":{"rendered":"Cargador Trafo C 25W (sin cable)"},"content":{"rendered":"<div class=\"ui-pdp-container__row ui-pdp-container__row--technical-specifications\">\n<div class=\"ui-pdp-specs\">\n<div class=\"ui-pdp-container__row ui-pdp-container__row--technical-specifications\">\n<div class=\"ui-pdp-specs\">\n<div class=\"user-content\" data-store=\"product-description-103570573\">\n<div class=\"ui-pdp-list ui-pdp-specs__list\">\n<div id=\"technical_specifications\" class=\"ui-pdp-container__row ui-pdp-container__row--technical-specifications\">\n<div class=\"ui-pdp-specs\">\n<div id=\"description\" class=\"ui-pdp-container__row ui-pdp-container__row--description\">\n<div class=\"ui-pdp-description\">\n<p class=\"ui-pdp-description__content\">Cargador Samsung S\u00faper Carga R\u00e1pida modelo T800 USB-C (Hecho en Vietnam).<br \/>\nEsta fuente de alimentaci\u00f3n te ofrece una carga r\u00e1pida en poco tiempo,<\/p>\n<p class=\"ui-pdp-description__content\">Compatible con Galaxy A, Galaxy S, Galaxy Note, Galaxy Fold, Galaxy Tab, Accesorios Samsung y con dispositivos de otras marcas que tengan entrada tipo C.<\/p>\n<p>Compatible con Toda la serie iPhone 11 hasta 15 PRO MAX<\/p>\n<table class=\"andes-table\">\n<tbody class=\"andes-table__body\">\n<tr class=\"andes-table__row\">\n<th class=\"andes-table__header andes-table__header--left ui-pdp-specs__table__column ui-pdp-specs__table__column-title\" scope=\"col\">\n<div class=\"andes-table__header__container\">Modelo del cargador<\/div>\n<\/th>\n<td id=\":R2jbn7l2c5:\" class=\"andes-table__column andes-table__column--left andes-table__column--vertical-align-center ui-pdp-specs__table__column\" title=\"EP-TA800NBEGAR\">25W PD ADAPTER<\/td>\n<\/tr>\n<tr class=\"andes-table__row\">\n<th class=\"andes-table__header andes-table__header--left ui-pdp-specs__table__column ui-pdp-specs__table__column-title\" scope=\"col\">\n<div class=\"andes-table__header__container\">Tipo de conector<\/div>\n<\/th>\n<td id=\":R2jfn7l2c5:\" class=\"andes-table__column andes-table__column--left andes-table__column--vertical-align-center ui-pdp-specs__table__column\" title=\"USB-C\"><span class=\"andes-table__column--value\">USB-C<\/span><\/td>\n<\/tr>\n<tr class=\"andes-table__row\">\n<th class=\"andes-table__header andes-table__header--left ui-pdp-specs__table__column ui-pdp-specs__table__column-title\" scope=\"col\">\n<div class=\"andes-table__header__container\">Color<\/div>\n<\/th>\n<td id=\":R2jjn7l2c5:\" class=\"andes-table__column andes-table__column--left andes-table__column--vertical-align-center ui-pdp-specs__table__column\" title=\"Blanco\"><span class=\"andes-table__column--value\">Blanco<\/span><\/td>\n<\/tr>\n<\/tbody>\n<\/table>\n<p>NO INCLUYE CABLE!<\/p>\n<\/div>\n<\/div>\n<\/div>\n<\/div>\n<\/div>\n<\/div>\n<\/div>\n<\/div>\n<\/div>\n<\/div>\n","protected":false},"excerpt":{"rendered":"<p>Cargador Samsung S\u00faper Carga R\u00e1pida modelo T800 USB-C (Hecho en Vietnam). Esta fuente de alimentaci\u00f3n te ofrece una carga r\u00e1pida en poco tiempo, Compatible con&#8230;<\/p>\n","protected":false},"featured_media":76297,"template":"","meta":[],"product_brand":[],"product_cat":[289],"product_tag":[],"class_list":{"0":"post-76296","1":"product","2":"type-product","3":"status-publish","4":"has-post-thumbnail","6":"product_cat-cargadores-y-cables","8":"first","9":"instock","10":"shipping-taxable","11":"purchasable","12":"product-type-simple"},"jetpack_sharing_enabled":true,"_links":{"self":[{"href":"https:\/\/almacenpdm.com\/almacen\/wp-json\/wp\/v2\/product\/76296","targetHints":{"allow":["GET"]}}],"collection":[{"href":"https:\/\/almacenpdm.com\/almacen\/wp-json\/wp\/v2\/product"}],"about":[{"href":"https:\/\/almacenpdm.com\/almacen\/wp-json\/wp\/v2\/types\/product"}],"wp:featuredmedia":[{"embeddable":true,"href":"https:\/\/almacenpdm.com\/almacen\/wp-json\/wp\/v2\/media\/76297"}],"wp:attachment":[{"href":"https:\/\/almacenpdm.com\/almacen\/wp-json\/wp\/v2\/media?parent=76296"}],"wp:term":[{"taxonomy":"product_brand","embeddable":true,"href":"https:\/\/almacenpdm.com\/almacen\/wp-json\/wp\/v2\/product_brand?post=76296"},{"taxonomy":"product_cat","embeddable":true,"href":"https:\/\/almacenpdm.com\/almacen\/wp-json\/wp\/v2\/product_cat?post=76296"},{"taxonomy":"product_tag","embeddable":true,"href":"https:\/\/almacenpdm.com\/almacen\/wp-json\/wp\/v2\/product_tag?post=76296"}],"curies":[{"name":"wp","href":"https:\/\/api.w.org\/{rel}","templated":true}]}}