{"id":76454,"date":"2024-08-31T16:40:06","date_gmt":"2024-08-31T16:40:06","guid":{"rendered":"https:\/\/almacenpdm.com\/almacen\/?post_type=product&#038;p=76454"},"modified":"2024-09-02T20:55:59","modified_gmt":"2024-09-02T20:55:59","slug":"funda-3-en-1-clear-pdm","status":"publish","type":"product","link":"https:\/\/almacenpdm.com\/almacen\/producto\/funda-3-en-1-clear-pdm\/","title":{"rendered":"Funda 3 en 1 Clear PDM"},"content":{"rendered":"<p>Protecci\u00f3n garantizada, con este nuevo lanzamiento de PDM , podr\u00e1s lucir tu celular sin el miedo de romper o desgastar tu equipo, una funda super clear, antishock con 3 cuerpos, que arman una verdadera coraza, sin perder estilo y dise\u00f1o. Con un Packaging incre\u00edble , con nuestro colaborador Rodolfo un perro legitimo de monta\u00f1a, fiel, resistente y muy dulce, decidimos llamarla RODOLF CASE ! Esperamos te guste y por supuesto a Rodolfo tambi\u00e9n \ud83d\ude42 <\/p>\n","protected":false},"excerpt":{"rendered":"<p>Protecci\u00f3n garantizada, con este nuevo lanzamiento de PDM , podr\u00e1s lucir tu celular sin el miedo de romper o desgastar tu equipo, una funda super&#8230;<\/p>\n","protected":false},"featured_media":76457,"template":"","meta":[],"product_brand":[],"product_cat":[158],"product_tag":[],"class_list":{"0":"post-76454","1":"product","2":"type-product","3":"status-publish","4":"has-post-thumbnail","6":"product_cat-fundas-de-celulares","8":"first","9":"instock","10":"shipping-taxable","11":"purchasable","12":"product-type-variable","13":"has-default-attributes"},"jetpack_sharing_enabled":true,"_links":{"self":[{"href":"https:\/\/almacenpdm.com\/almacen\/wp-json\/wp\/v2\/product\/76454","targetHints":{"allow":["GET"]}}],"collection":[{"href":"https:\/\/almacenpdm.com\/almacen\/wp-json\/wp\/v2\/product"}],"about":[{"href":"https:\/\/almacenpdm.com\/almacen\/wp-json\/wp\/v2\/types\/product"}],"wp:featuredmedia":[{"embeddable":true,"href":"https:\/\/almacenpdm.com\/almacen\/wp-json\/wp\/v2\/media\/76457"}],"wp:attachment":[{"href":"https:\/\/almacenpdm.com\/almacen\/wp-json\/wp\/v2\/media?parent=76454"}],"wp:term":[{"taxonomy":"product_brand","embeddable":true,"href":"https:\/\/almacenpdm.com\/almacen\/wp-json\/wp\/v2\/product_brand?post=76454"},{"taxonomy":"product_cat","embeddable":true,"href":"https:\/\/almacenpdm.com\/almacen\/wp-json\/wp\/v2\/product_cat?post=76454"},{"taxonomy":"product_tag","embeddable":true,"href":"https:\/\/almacenpdm.com\/almacen\/wp-json\/wp\/v2\/product_tag?post=76454"}],"curies":[{"name":"wp","href":"https:\/\/api.w.org\/{rel}","templated":true}]}}