{"id":76461,"date":"2024-09-02T21:44:50","date_gmt":"2024-09-02T21:44:50","guid":{"rendered":"https:\/\/almacenpdm.com\/almacen\/?post_type=product&#038;p=76461"},"modified":"2024-09-02T21:44:50","modified_gmt":"2024-09-02T21:44:50","slug":"funda-crux-mag-safe-iphone","status":"publish","type":"product","link":"https:\/\/almacenpdm.com\/almacen\/producto\/funda-crux-mag-safe-iphone\/","title":{"rendered":"Funda CruX Mag Safe IPhone"},"content":{"rendered":"<p>Est\u00e1s fundas son de calidad premium , cuentan con un dise\u00f1o tornasol , con bordes atermicos siliconados.  Alta resistencia antishock, adem\u00e1s cuenta con un soporte de carbono al contorno de su c\u00e1mara, como as\u00ed tambi\u00e9n sus botones .<br \/>\nUna funda lista para tus aventuras <\/p>\n","protected":false},"excerpt":{"rendered":"<p>Est\u00e1s fundas son de calidad premium , cuentan con un dise\u00f1o tornasol , con bordes atermicos siliconados. Alta resistencia antishock, adem\u00e1s cuenta con un soporte&#8230;<\/p>\n","protected":false},"featured_media":76462,"template":"","meta":[],"product_brand":[],"product_cat":[158],"product_tag":[],"class_list":{"0":"post-76461","1":"product","2":"type-product","3":"status-publish","4":"has-post-thumbnail","6":"product_cat-fundas-de-celulares","8":"first","9":"instock","10":"shipping-taxable","11":"purchasable","12":"product-type-variable"},"jetpack_sharing_enabled":true,"_links":{"self":[{"href":"https:\/\/almacenpdm.com\/almacen\/wp-json\/wp\/v2\/product\/76461","targetHints":{"allow":["GET"]}}],"collection":[{"href":"https:\/\/almacenpdm.com\/almacen\/wp-json\/wp\/v2\/product"}],"about":[{"href":"https:\/\/almacenpdm.com\/almacen\/wp-json\/wp\/v2\/types\/product"}],"wp:featuredmedia":[{"embeddable":true,"href":"https:\/\/almacenpdm.com\/almacen\/wp-json\/wp\/v2\/media\/76462"}],"wp:attachment":[{"href":"https:\/\/almacenpdm.com\/almacen\/wp-json\/wp\/v2\/media?parent=76461"}],"wp:term":[{"taxonomy":"product_brand","embeddable":true,"href":"https:\/\/almacenpdm.com\/almacen\/wp-json\/wp\/v2\/product_brand?post=76461"},{"taxonomy":"product_cat","embeddable":true,"href":"https:\/\/almacenpdm.com\/almacen\/wp-json\/wp\/v2\/product_cat?post=76461"},{"taxonomy":"product_tag","embeddable":true,"href":"https:\/\/almacenpdm.com\/almacen\/wp-json\/wp\/v2\/product_tag?post=76461"}],"curies":[{"name":"wp","href":"https:\/\/api.w.org\/{rel}","templated":true}]}}