{"id":76612,"date":"2025-06-14T22:51:51","date_gmt":"2025-06-14T22:51:51","guid":{"rendered":"https:\/\/almacenpdm.com\/almacen\/?post_type=product&#038;p=76612"},"modified":"2025-06-14T22:51:52","modified_gmt":"2025-06-14T22:51:52","slug":"soporte-magnetico-360-magsafe-viral","status":"publish","type":"product","link":"https:\/\/almacenpdm.com\/almacen\/producto\/soporte-magnetico-360-magsafe-viral\/","title":{"rendered":"Soporte Magnetico 360 magsafe Viral"},"content":{"rendered":"<div id=\"description\" class=\"ui-pdp-container__row ui-pdp-container__row--description\">\n<div class=\"ui-pdp-collapsable ui-pdp-description-collapse\">\n<div class=\"ui-pdp-collapsable__container\">\n<div class=\"ui-pdp-description\">\n<p class=\"ui-pdp-description__content\" data-testid=\"content\"><strong>Soporte Magn\u00e9tico para Celular 360\u00b0 Universal con Anillo y Base Adhesiva.<\/strong><\/p>\n<p><span style=\"color: #ff0000;\"><em><strong>ENVIO GRATIS POR CORREO ARGENTINO<\/strong><\/em><\/span><\/p>\n<p class=\"ui-pdp-description__content\" data-testid=\"content\">\n\u00a1Llev\u00e1 tu celular siempre a mano con este soporte magn\u00e9tico premium! Dise\u00f1ado para m\u00e1xima comodidad y seguridad, este soporte es ideal para usar en el auto, escritorio Ascensiones, escritorio o cualquier superficie lisa.<\/p>\n<p>**Caracter\u00edsticas principales**:<br \/>\n&#8211; **Rotaci\u00f3n 360\u00b0**: Ajust\u00e1 tu celular en cualquier \u00e1ngulo para una visualizaci\u00f3n perfecta.<br \/>\n&#8211; **Compatibilidad universal**: Funciona con todos los smartphones (iPhone, Samsung, Xiaomi, etc.).Importante se aconseja el pegado del anillo a la funda y no al celular para una mejor adhesion de este al soporte.<br \/>\n&#8211; **Im\u00e1n super potente &#8220;18 SUPER N52&#8243;**: Soporta hasta 2,27 kg, garantizando una sujeci\u00f3n firme incluso en caminos con baches.<br \/>\n&#8211; **Materiales de alta calidad**: Fabricado en aleaci\u00f3n de zinc y ABS+, resistente y duradero.<br \/>\n&#8211; **Base adhesiva **: Fijaci\u00f3n segura en tableros, escritorios o superficies met\u00e1licas.<br \/>\n&#8211; **Anillo magn\u00e9tico plegable**: Sirve como agarre, soporte de escritorio o para usar con soportes de auto MagSafe.<br \/>\n&#8211; **F\u00e1cil instalaci\u00f3n**: Adhiere la base y el anillo en segundos, sin complicaciones.<\/p>\n<p>**Contenido de la caja**:<br \/>\n&#8211; Soporte magn\u00e9tico 360\u00b0 VACUUM PDM<br \/>\n&#8211; Anillo met\u00e1lico adhesivo.<br \/>\n&#8211; Base adhesiva.<br \/>\n&#8211; Manual de usuario.<\/p>\n<p>-A DIFERENCIA DE OTROS SOPORTE ESTE TAMPOCO INTERFIERE CON LA se\u00f1al DE GPS DE SU AUTO-<\/p>\n<\/div>\n<\/div>\n<\/div>\n<\/div>\n<div class=\"ui-vip-core-spot-middle\">\n<section class=\"ui-recommendations-carousel-wrapper-ref ui-recommendations-over-white-background\">\n<div class=\"ui-recommendations-carousel-snapped ui-pdp-with--separator-top ui-pdp-with--separator-top--full mb-40 recos-override__card-vertical\">\n<div class=\"ui-recommendations-carousel-snapped__header\">\n<div class=\"ui-recommendations-carousel-snapped__header-titles\"><\/div>\n<\/div>\n<\/div>\n<\/section>\n<\/div>\n","protected":false},"excerpt":{"rendered":"<p>Soporte Magn\u00e9tico para Celular 360\u00b0 Universal con Anillo y Base Adhesiva. ENVIO GRATIS POR CORREO ARGENTINO \u00a1Llev\u00e1 tu celular siempre a mano con este soporte&#8230;<\/p>\n","protected":false},"featured_media":76613,"template":"","meta":[],"product_brand":[],"product_cat":[19],"product_tag":[],"class_list":{"0":"post-76612","1":"product","2":"type-product","3":"status-publish","4":"has-post-thumbnail","6":"product_cat-sp","7":"product_shipping_class-envio-gratis","9":"first","10":"instock","11":"sale","12":"shipping-taxable","13":"purchasable","14":"product-type-simple"},"jetpack_sharing_enabled":true,"_links":{"self":[{"href":"https:\/\/almacenpdm.com\/almacen\/wp-json\/wp\/v2\/product\/76612","targetHints":{"allow":["GET"]}}],"collection":[{"href":"https:\/\/almacenpdm.com\/almacen\/wp-json\/wp\/v2\/product"}],"about":[{"href":"https:\/\/almacenpdm.com\/almacen\/wp-json\/wp\/v2\/types\/product"}],"wp:featuredmedia":[{"embeddable":true,"href":"https:\/\/almacenpdm.com\/almacen\/wp-json\/wp\/v2\/media\/76613"}],"wp:attachment":[{"href":"https:\/\/almacenpdm.com\/almacen\/wp-json\/wp\/v2\/media?parent=76612"}],"wp:term":[{"taxonomy":"product_brand","embeddable":true,"href":"https:\/\/almacenpdm.com\/almacen\/wp-json\/wp\/v2\/product_brand?post=76612"},{"taxonomy":"product_cat","embeddable":true,"href":"https:\/\/almacenpdm.com\/almacen\/wp-json\/wp\/v2\/product_cat?post=76612"},{"taxonomy":"product_tag","embeddable":true,"href":"https:\/\/almacenpdm.com\/almacen\/wp-json\/wp\/v2\/product_tag?post=76612"}],"curies":[{"name":"wp","href":"https:\/\/api.w.org\/{rel}","templated":true}]}}